{"id":68,"date":"2022-06-01T15:39:59","date_gmt":"2022-06-01T15:39:59","guid":{"rendered":"https:\/\/brum-mi.co.uk\/?page_id=68"},"modified":"2022-06-27T14:10:12","modified_gmt":"2022-06-27T14:10:12","slug":"about-us","status":"publish","type":"page","link":"https:\/\/brum-mi.co.uk\/?page_id=68","title":{"rendered":"About Bru\u0301m Mi\u0300"},"content":{"rendered":"\n<p>It all started in lockdown! We had travelled South East Asia and Australia from 2016 to 2018 and loved all the food we ate \u2013 but the thing we ate most was the infamous b\u00e1nh m\u00ec in Vietnam. For breakfast and for lunch, as well as a snack, we couldn\u2019t get enough! <\/p>\n\n\n\n<p>After returning to the UK we found we couldn\u2019t get our hands on a b\u00e1nh m\u00ec without heading to London. It seemed obvious to set up Br\u00fam M\u00ec with Sam. We spent a lot of the summer making as much delicious food as we could and began trading at local Birmingham events such as Digbeth Dining Club shortly after. From there we found our new home at The Dark Horse pub in Moseley \u2013 one of our favourite spots for a quality craft beer &#8211; and now we have our own! We couldn\u2019t be happier partnering with such a beloved local pub and having a place to try out new ideas whilst slinging out our bangin\u2019 b\u00e1nh m\u00ecs!<\/p>\n\n\n\n<p>Now we travel around the UK bringing our bangin&#8217; b\u00e1nh m\u00ecs and barbecue to street food events near you! <\/p>\n\n\n\n<figure class=\"wp-block-gallery has-nested-images columns-default is-cropped wp-block-gallery-1 is-layout-flex wp-block-gallery-is-layout-flex\">\n<figure class=\"wp-block-image size-large\"><img loading=\"lazy\" decoding=\"async\" width=\"1024\" height=\"766\" data-id=\"77\" src=\"https:\/\/brum-mi.co.uk\/wp-content\/uploads\/2022\/06\/28959391_10160134336075613_3329486285973749760_n-1024x766.jpg\" alt=\"Brum Mi founders in Vietnam\" class=\"wp-image-77\" srcset=\"https:\/\/brum-mi.co.uk\/wp-content\/uploads\/2022\/06\/28959391_10160134336075613_3329486285973749760_n-1024x766.jpg 1024w, https:\/\/brum-mi.co.uk\/wp-content\/uploads\/2022\/06\/28959391_10160134336075613_3329486285973749760_n-300x224.jpg 300w, https:\/\/brum-mi.co.uk\/wp-content\/uploads\/2022\/06\/28959391_10160134336075613_3329486285973749760_n-768x574.jpg 768w, https:\/\/brum-mi.co.uk\/wp-content\/uploads\/2022\/06\/28959391_10160134336075613_3329486285973749760_n-1536x1149.jpg 1536w, https:\/\/brum-mi.co.uk\/wp-content\/uploads\/2022\/06\/28959391_10160134336075613_3329486285973749760_n.jpg 2032w\" sizes=\"(max-width: 1024px) 100vw, 1024px\" \/><figcaption>Bruce &amp; Emily in Vietnam<\/figcaption><\/figure>\n\n\n\n<figure class=\"wp-block-image size-large\"><img loading=\"lazy\" decoding=\"async\" width=\"1024\" height=\"1024\" data-id=\"101\" src=\"https:\/\/brum-mi.co.uk\/wp-content\/uploads\/2022\/06\/Screenshot_20220221-120829_Instagram-1024x1024.jpg\" alt=\"\" class=\"wp-image-101\" srcset=\"https:\/\/brum-mi.co.uk\/wp-content\/uploads\/2022\/06\/Screenshot_20220221-120829_Instagram-1024x1024.jpg 1024w, https:\/\/brum-mi.co.uk\/wp-content\/uploads\/2022\/06\/Screenshot_20220221-120829_Instagram-300x300.jpg 300w, https:\/\/brum-mi.co.uk\/wp-content\/uploads\/2022\/06\/Screenshot_20220221-120829_Instagram-150x150.jpg 150w, https:\/\/brum-mi.co.uk\/wp-content\/uploads\/2022\/06\/Screenshot_20220221-120829_Instagram-768x768.jpg 768w, https:\/\/brum-mi.co.uk\/wp-content\/uploads\/2022\/06\/Screenshot_20220221-120829_Instagram-100x100.jpg 100w, https:\/\/brum-mi.co.uk\/wp-content\/uploads\/2022\/06\/Screenshot_20220221-120829_Instagram.jpg 1077w\" sizes=\"(max-width: 1024px) 100vw, 1024px\" \/><figcaption>The boys at The Juke<\/figcaption><\/figure>\n\n\n\n<figure class=\"wp-block-image size-large\"><img loading=\"lazy\" decoding=\"async\" width=\"772\" height=\"745\" data-id=\"105\" src=\"https:\/\/brum-mi.co.uk\/wp-content\/uploads\/2022\/06\/Screenshot-127.png\" alt=\"\" class=\"wp-image-105\" srcset=\"https:\/\/brum-mi.co.uk\/wp-content\/uploads\/2022\/06\/Screenshot-127.png 772w, https:\/\/brum-mi.co.uk\/wp-content\/uploads\/2022\/06\/Screenshot-127-300x290.png 300w, https:\/\/brum-mi.co.uk\/wp-content\/uploads\/2022\/06\/Screenshot-127-768x741.png 768w\" sizes=\"(max-width: 772px) 100vw, 772px\" \/><figcaption>Bruce &amp; Sam <\/figcaption><\/figure>\n\n\n\n<figure class=\"wp-block-image size-large\"><img loading=\"lazy\" decoding=\"async\" width=\"669\" height=\"764\" data-id=\"103\" src=\"https:\/\/brum-mi.co.uk\/wp-content\/uploads\/2022\/06\/Screenshot-128.png\" alt=\"\" class=\"wp-image-103\" srcset=\"https:\/\/brum-mi.co.uk\/wp-content\/uploads\/2022\/06\/Screenshot-128.png 669w, https:\/\/brum-mi.co.uk\/wp-content\/uploads\/2022\/06\/Screenshot-128-263x300.png 263w\" sizes=\"(max-width: 669px) 100vw, 669px\" \/><\/figure>\n\n\n\n<figure class=\"wp-block-image size-large\"><img loading=\"lazy\" decoding=\"async\" width=\"780\" height=\"772\" data-id=\"104\" src=\"https:\/\/brum-mi.co.uk\/wp-content\/uploads\/2022\/06\/Screenshot-129.png\" alt=\"\" class=\"wp-image-104\" srcset=\"https:\/\/brum-mi.co.uk\/wp-content\/uploads\/2022\/06\/Screenshot-129.png 780w, https:\/\/brum-mi.co.uk\/wp-content\/uploads\/2022\/06\/Screenshot-129-300x297.png 300w, https:\/\/brum-mi.co.uk\/wp-content\/uploads\/2022\/06\/Screenshot-129-768x760.png 768w, https:\/\/brum-mi.co.uk\/wp-content\/uploads\/2022\/06\/Screenshot-129-100x100.png 100w\" sizes=\"(max-width: 780px) 100vw, 780px\" \/><figcaption>BBQ King Sam<\/figcaption><\/figure>\n\n\n\n<figure class=\"wp-block-image size-large\"><img loading=\"lazy\" decoding=\"async\" width=\"780\" height=\"772\" data-id=\"106\" src=\"https:\/\/brum-mi.co.uk\/wp-content\/uploads\/2022\/06\/Screenshot-130.png\" alt=\"\" class=\"wp-image-106\" srcset=\"https:\/\/brum-mi.co.uk\/wp-content\/uploads\/2022\/06\/Screenshot-130.png 780w, https:\/\/brum-mi.co.uk\/wp-content\/uploads\/2022\/06\/Screenshot-130-300x297.png 300w, https:\/\/brum-mi.co.uk\/wp-content\/uploads\/2022\/06\/Screenshot-130-768x760.png 768w, https:\/\/brum-mi.co.uk\/wp-content\/uploads\/2022\/06\/Screenshot-130-100x100.png 100w\" sizes=\"(max-width: 780px) 100vw, 780px\" \/><figcaption>Lockdown!<\/figcaption><\/figure>\n<\/figure>\n\n\n\n<div class=\"wp-block-buttons is-layout-flex wp-block-buttons-is-layout-flex\">\n<div class=\"wp-block-button\"><a class=\"wp-block-button__link\" href=\"https:\/\/www.instagram.com\/brummifood\/\">Check out our Insta<\/a><\/div>\n<\/div>\n","protected":false},"excerpt":{"rendered":"<p>It all started in lockdown! We had travelled South East Asia and Australia from 2016 to 2018 and loved all the food [&hellip;]<\/p>\n","protected":false},"author":1,"featured_media":75,"parent":0,"menu_order":0,"comment_status":"closed","ping_status":"closed","template":"","meta":{"ca_portfolio_gallery_project_year":"","ca_portfolio_gallery_client":"","ca_portfolio_gallery_skills":"","ca_portfolio_gallery_url":"","_monsterinsights_skip_tracking":false,"_monsterinsights_sitenote_active":false,"_monsterinsights_sitenote_note":"","_monsterinsights_sitenote_category":0,"footnotes":""},"_links":{"self":[{"href":"https:\/\/brum-mi.co.uk\/index.php?rest_route=\/wp\/v2\/pages\/68"}],"collection":[{"href":"https:\/\/brum-mi.co.uk\/index.php?rest_route=\/wp\/v2\/pages"}],"about":[{"href":"https:\/\/brum-mi.co.uk\/index.php?rest_route=\/wp\/v2\/types\/page"}],"author":[{"embeddable":true,"href":"https:\/\/brum-mi.co.uk\/index.php?rest_route=\/wp\/v2\/users\/1"}],"replies":[{"embeddable":true,"href":"https:\/\/brum-mi.co.uk\/index.php?rest_route=%2Fwp%2Fv2%2Fcomments&post=68"}],"version-history":[{"count":9,"href":"https:\/\/brum-mi.co.uk\/index.php?rest_route=\/wp\/v2\/pages\/68\/revisions"}],"predecessor-version":[{"id":174,"href":"https:\/\/brum-mi.co.uk\/index.php?rest_route=\/wp\/v2\/pages\/68\/revisions\/174"}],"wp:featuredmedia":[{"embeddable":true,"href":"https:\/\/brum-mi.co.uk\/index.php?rest_route=\/wp\/v2\/media\/75"}],"wp:attachment":[{"href":"https:\/\/brum-mi.co.uk\/index.php?rest_route=%2Fwp%2Fv2%2Fmedia&parent=68"}],"curies":[{"name":"wp","href":"https:\/\/api.w.org\/{rel}","templated":true}]}}